{"id":3478,"date":"2025-01-08T00:24:08","date_gmt":"2025-01-08T05:24:08","guid":{"rendered":"https:\/\/crtp.edu.pe\/home\/?page_id=3478"},"modified":"2025-01-18T17:15:39","modified_gmt":"2025-01-18T22:15:39","slug":"cert","status":"publish","type":"page","link":"https:\/\/crtp.edu.pe\/home\/cert\/","title":{"rendered":"Certificado"},"content":{"rendered":"\t\t<div data-elementor-type=\"wp-page\" data-elementor-id=\"3478\" class=\"elementor elementor-3478\" data-elementor-post-type=\"page\">\n\t\t\t\t<div data-particle_enable=\"false\" data-particle-mobile-disabled=\"false\" class=\"elementor-element elementor-element-f2e3421 e-grid e-con-boxed e-con e-parent\" data-id=\"f2e3421\" data-element_type=\"container\" data-e-type=\"container\">\n\t\t\t\t\t<div class=\"e-con-inner\">\n\t\t\t\t<div class=\"elementor-element elementor-element-4753a73 elementor-widget elementor-widget-image\" data-id=\"4753a73\" data-element_type=\"widget\" data-e-type=\"widget\" data-widget_type=\"image.default\">\n\t\t\t\t<div class=\"elementor-widget-container\">\n\t\t\t\t\t\t\t\t\t\t\t\t\t\t\t<img fetchpriority=\"high\" decoding=\"async\" width=\"1024\" height=\"792\" src=\"https:\/\/crtp.edu.pe\/home\/wp-content\/uploads\/2025\/01\/brochure002.png\" class=\"attachment-large size-large wp-image-3463\" alt=\"\" srcset=\"https:\/\/crtp.edu.pe\/home\/wp-content\/uploads\/2025\/01\/brochure002.png 1025w, https:\/\/crtp.edu.pe\/home\/wp-content\/uploads\/2025\/01\/brochure002-300x232.png 300w, https:\/\/crtp.edu.pe\/home\/wp-content\/uploads\/2025\/01\/brochure002-768x594.png 768w\" sizes=\"(max-width: 1024px) 100vw, 1024px\" \/>\t\t\t\t\t\t\t\t\t\t\t\t\t\t\t<\/div>\n\t\t\t\t<\/div>\n\t\t\t\t\t<\/div>\n\t\t\t\t<\/div>\n\t\t<div data-particle_enable=\"false\" data-particle-mobile-disabled=\"false\" class=\"elementor-element elementor-element-c2955bb e-grid e-con-boxed e-con e-parent\" data-id=\"c2955bb\" data-element_type=\"container\" data-e-type=\"container\">\n\t\t\t\t\t<div class=\"e-con-inner\">\n\t\t\t\t<div class=\"elementor-element elementor-element-ac7fe5d elementor-widget elementor-widget-image\" data-id=\"ac7fe5d\" data-element_type=\"widget\" data-e-type=\"widget\" data-widget_type=\"image.default\">\n\t\t\t\t<div class=\"elementor-widget-container\">\n\t\t\t\t\t\t\t\t\t\t\t\t\t\t\t<img decoding=\"async\" width=\"1024\" height=\"780\" src=\"https:\/\/crtp.edu.pe\/home\/wp-content\/uploads\/2025\/01\/certif002-1024x780.jpg\" class=\"attachment-large size-large wp-image-3515\" alt=\"\" srcset=\"https:\/\/crtp.edu.pe\/home\/wp-content\/uploads\/2025\/01\/certif002-1024x780.jpg 1024w, https:\/\/crtp.edu.pe\/home\/wp-content\/uploads\/2025\/01\/certif002-300x229.jpg 300w, https:\/\/crtp.edu.pe\/home\/wp-content\/uploads\/2025\/01\/certif002-768x585.jpg 768w, https:\/\/crtp.edu.pe\/home\/wp-content\/uploads\/2025\/01\/certif002.jpg 1391w\" sizes=\"(max-width: 1024px) 100vw, 1024px\" \/>\t\t\t\t\t\t\t\t\t\t\t\t\t\t\t<\/div>\n\t\t\t\t<\/div>\n\t\t\t\t\t<\/div>\n\t\t\t\t<\/div>\n\t\t<div data-particle_enable=\"false\" data-particle-mobile-disabled=\"false\" class=\"elementor-element elementor-element-032190c e-grid e-con-boxed e-con e-parent\" data-id=\"032190c\" data-element_type=\"container\" data-e-type=\"container\">\n\t\t\t\t\t<div class=\"e-con-inner\">\n\t\t\t\t<div class=\"elementor-element elementor-element-b7ea6bd elementor-widget elementor-widget-image\" data-id=\"b7ea6bd\" data-element_type=\"widget\" data-e-type=\"widget\" data-widget_type=\"image.default\">\n\t\t\t\t<div class=\"elementor-widget-container\">\n\t\t\t\t\t\t\t\t\t\t\t\t\t\t\t<img decoding=\"async\" width=\"1024\" height=\"789\" src=\"https:\/\/crtp.edu.pe\/home\/wp-content\/uploads\/2025\/01\/certif003-1024x789.jpg\" class=\"attachment-large size-large wp-image-3519\" alt=\"\" srcset=\"https:\/\/crtp.edu.pe\/home\/wp-content\/uploads\/2025\/01\/certif003-1024x789.jpg 1024w, https:\/\/crtp.edu.pe\/home\/wp-content\/uploads\/2025\/01\/certif003-300x231.jpg 300w, https:\/\/crtp.edu.pe\/home\/wp-content\/uploads\/2025\/01\/certif003-768x592.jpg 768w, https:\/\/crtp.edu.pe\/home\/wp-content\/uploads\/2025\/01\/certif003.jpg 1390w\" sizes=\"(max-width: 1024px) 100vw, 1024px\" \/>\t\t\t\t\t\t\t\t\t\t\t\t\t\t\t<\/div>\n\t\t\t\t<\/div>\n\t\t\t\t\t<\/div>\n\t\t\t\t<\/div>\n\t\t<div data-particle_enable=\"false\" data-particle-mobile-disabled=\"false\" class=\"elementor-element elementor-element-9c12716 e-grid e-con-boxed e-con e-parent\" data-id=\"9c12716\" data-element_type=\"container\" data-e-type=\"container\">\n\t\t\t\t\t<div class=\"e-con-inner\">\n\t\t\t\t<div class=\"elementor-element elementor-element-30605ea elementor-widget elementor-widget-heading\" data-id=\"30605ea\" data-element_type=\"widget\" data-e-type=\"widget\" data-widget_type=\"heading.default\">\n\t\t\t\t<div class=\"elementor-widget-container\">\n\t\t\t\t\t<h2 class=\"elementor-heading-title elementor-size-default\">Contribuci\u00f3n  a la Sociedad<\/h2>\t\t\t\t<\/div>\n\t\t\t\t<\/div>\n\t\t\t\t\t<\/div>\n\t\t\t\t<\/div>\n\t\t<div data-particle_enable=\"false\" data-particle-mobile-disabled=\"false\" class=\"elementor-element elementor-element-5e9d536 e-grid e-con-boxed e-con e-parent\" data-id=\"5e9d536\" data-element_type=\"container\" data-e-type=\"container\">\n\t\t\t\t\t<div class=\"e-con-inner\">\n\t\t\t\t<div class=\"elementor-element elementor-element-bb7c659 elementor-widget elementor-widget-text-editor\" data-id=\"bb7c659\" data-element_type=\"widget\" data-e-type=\"widget\" data-widget_type=\"text-editor.default\">\n\t\t\t\t<div class=\"elementor-widget-container\">\n\t\t\t\t\t\t\t\t\t<p>El Certificado en Teolog\u00eda con menci\u00f3n en Ministerio Pastoral fomenta una mejor comprensi\u00f3n de valores \u00e9ticos, morales y espirituales, promoviendo comunidades m\u00e1s cohesionadas y conscientes de su responsabilidad social y espiritual. Los graduados pueden ser pilares en sus iglesias locales y ayudar a orientar a otros en cuestiones de fe y vida cristiana.<\/p>\t\t\t\t\t\t\t\t<\/div>\n\t\t\t\t<\/div>\n\t\t\t\t\t<\/div>\n\t\t\t\t<\/div>\n\t\t<div data-particle_enable=\"false\" data-particle-mobile-disabled=\"false\" class=\"elementor-element elementor-element-e748cd5 e-grid e-con-boxed e-con e-parent\" data-id=\"e748cd5\" data-element_type=\"container\" data-e-type=\"container\">\n\t\t\t\t\t<div class=\"e-con-inner\">\n\t\t\t\t<div class=\"elementor-element elementor-element-fc9081e elementor-widget elementor-widget-heading\" data-id=\"fc9081e\" data-element_type=\"widget\" data-e-type=\"widget\" data-widget_type=\"heading.default\">\n\t\t\t\t<div class=\"elementor-widget-container\">\n\t\t\t\t\t<h2 class=\"elementor-heading-title elementor-size-default\">Perfil del Egresado del Certificado en Teolog\u00eda con Menci\u00f3n en Ministerio Pastoral<\/h2>\t\t\t\t<\/div>\n\t\t\t\t<\/div>\n\t\t\t\t\t<\/div>\n\t\t\t\t<\/div>\n\t\t<div data-particle_enable=\"false\" data-particle-mobile-disabled=\"false\" class=\"elementor-element elementor-element-6b476af e-grid e-con-boxed e-con e-parent\" data-id=\"6b476af\" data-element_type=\"container\" data-e-type=\"container\">\n\t\t\t\t\t<div class=\"e-con-inner\">\n\t\t\t\t<div class=\"elementor-element elementor-element-ac790f1 elementor-widget elementor-widget-text-editor\" data-id=\"ac790f1\" data-element_type=\"widget\" data-e-type=\"widget\" data-widget_type=\"text-editor.default\">\n\t\t\t\t<div class=\"elementor-widget-container\">\n\t\t\t\t\t\t\t\t\t<p>El egresado del Certificado en Teolog\u00eda con Menci\u00f3n en Ministerio Pastoral del Centro de Recursos Teol\u00f3gicos del Per\u00fa habr\u00e1 adquirido una base s\u00f3lida en principios teol\u00f3gicos fundamentales, habilidades de interpretaci\u00f3n b\u00edblica y fundamentos del liderazgo cristiano.<\/p><p><strong>Competencias y Habilidades:<\/strong><\/p><p>\u2705 Conocimiento esencial de la Biblia, su estructura y principales doctrinas cristianas.<br \/>\u2705 Habilidad para interpretar las Escrituras con un enfoque contextual y aplicarlas en la ense\u00f1anza y evangelizaci\u00f3n.<br \/>\u2705 Capacidades b\u00e1sicas de liderazgo para apoyar ministerios eclesiales, grupos de estudio b\u00edblico y discipulado.<br \/>\u2705 Sensibilidad pastoral para atender necesidades espirituales en su comunidad.<\/p><p><strong>Impacto en la Sociedad:<\/strong><\/p><p>\ud83d\udccc El egresado estar\u00e1 preparado para servir en su iglesia local, apoyar en ministerios comunitarios y fortalecer su llamado cristiano con una formaci\u00f3n teol\u00f3gica s\u00f3lida.<\/p>\t\t\t\t\t\t\t\t<\/div>\n\t\t\t\t<\/div>\n\t\t\t\t\t<\/div>\n\t\t\t\t<\/div>\n\t\t\t\t<\/div>\n\t\t","protected":false},"excerpt":{"rendered":"<p>Contribuci\u00f3n a la Sociedad El Certificado en Teolog\u00eda con menci\u00f3n en Ministerio Pastoral fomenta una mejor comprensi\u00f3n de valores \u00e9ticos, [&hellip;]<\/p>\n","protected":false},"author":1,"featured_media":0,"parent":0,"menu_order":0,"comment_status":"closed","ping_status":"closed","template":"","meta":{"site-sidebar-layout":"no-sidebar","site-content-layout":"","ast-site-content-layout":"full-width-container","site-content-style":"default","site-sidebar-style":"default","ast-global-header-display":"","ast-banner-title-visibility":"","ast-main-header-display":"","ast-hfb-above-header-display":"","ast-hfb-below-header-display":"","ast-hfb-mobile-header-display":"","site-post-title":"disabled","ast-breadcrumbs-content":"","ast-featured-img":"disabled","footer-sml-layout":"","ast-disable-related-posts":"","theme-transparent-header-meta":"","adv-header-id-meta":"","stick-header-meta":"","header-above-stick-meta":"","header-main-stick-meta":"","header-below-stick-meta":"","astra-migrate-meta-layouts":"default","ast-page-background-enabled":"default","ast-page-background-meta":{"desktop":{"background-color":"var(--ast-global-color-4)","background-image":"","background-repeat":"repeat","background-position":"center center","background-size":"auto","background-attachment":"scroll","background-type":"","background-media":"","overlay-type":"","overlay-color":"","overlay-opacity":"","overlay-gradient":""},"tablet":{"background-color":"","background-image":"","background-repeat":"repeat","background-position":"center center","background-size":"auto","background-attachment":"scroll","background-type":"","background-media":"","overlay-type":"","overlay-color":"","overlay-opacity":"","overlay-gradient":""},"mobile":{"background-color":"","background-image":"","background-repeat":"repeat","background-position":"center center","background-size":"auto","background-attachment":"scroll","background-type":"","background-media":"","overlay-type":"","overlay-color":"","overlay-opacity":"","overlay-gradient":""}},"ast-content-background-meta":{"desktop":{"background-color":"var(--ast-global-color-5)","background-image":"","background-repeat":"repeat","background-position":"center center","background-size":"auto","background-attachment":"scroll","background-type":"","background-media":"","overlay-type":"","overlay-color":"","overlay-opacity":"","overlay-gradient":""},"tablet":{"background-color":"var(--ast-global-color-5)","background-image":"","background-repeat":"repeat","background-position":"center center","background-size":"auto","background-attachment":"scroll","background-type":"","background-media":"","overlay-type":"","overlay-color":"","overlay-opacity":"","overlay-gradient":""},"mobile":{"background-color":"var(--ast-global-color-5)","background-image":"","background-repeat":"repeat","background-position":"center center","background-size":"auto","background-attachment":"scroll","background-type":"","background-media":"","overlay-type":"","overlay-color":"","overlay-opacity":"","overlay-gradient":""}},"footnotes":""},"class_list":["post-3478","page","type-page","status-publish","hentry"],"_links":{"self":[{"href":"https:\/\/crtp.edu.pe\/home\/wp-json\/wp\/v2\/pages\/3478","targetHints":{"allow":["GET"]}}],"collection":[{"href":"https:\/\/crtp.edu.pe\/home\/wp-json\/wp\/v2\/pages"}],"about":[{"href":"https:\/\/crtp.edu.pe\/home\/wp-json\/wp\/v2\/types\/page"}],"author":[{"embeddable":true,"href":"https:\/\/crtp.edu.pe\/home\/wp-json\/wp\/v2\/users\/1"}],"replies":[{"embeddable":true,"href":"https:\/\/crtp.edu.pe\/home\/wp-json\/wp\/v2\/comments?post=3478"}],"version-history":[{"count":0,"href":"https:\/\/crtp.edu.pe\/home\/wp-json\/wp\/v2\/pages\/3478\/revisions"}],"wp:attachment":[{"href":"https:\/\/crtp.edu.pe\/home\/wp-json\/wp\/v2\/media?parent=3478"}],"curies":[{"name":"wp","href":"https:\/\/api.w.org\/{rel}","templated":true}]}}