{"id":2327,"date":"2024-10-30T19:28:55","date_gmt":"2024-10-31T00:28:55","guid":{"rendered":"https:\/\/rtp.org.pe\/home\/?page_id=2327"},"modified":"2024-12-30T02:25:08","modified_gmt":"2024-12-30T07:25:08","slug":"temas","status":"publish","type":"page","link":"https:\/\/crtp.edu.pe\/home\/temas\/","title":{"rendered":"Temas"},"content":{"rendered":"\t\t<div data-elementor-type=\"wp-page\" data-elementor-id=\"2327\" class=\"elementor elementor-2327\" data-elementor-post-type=\"page\">\n\t\t\t\t<div data-particle_enable=\"false\" data-particle-mobile-disabled=\"false\" class=\"elementor-element elementor-element-9725e90 e-grid e-con-boxed e-con e-parent\" data-id=\"9725e90\" data-element_type=\"container\" data-e-type=\"container\">\n\t\t\t\t\t<div class=\"e-con-inner\">\n\t\t\t\t<div class=\"elementor-element elementor-element-73acb1e elementor-widget-divider--view-line elementor-widget elementor-widget-divider\" data-id=\"73acb1e\" data-element_type=\"widget\" data-e-type=\"widget\" data-widget_type=\"divider.default\">\n\t\t\t\t<div class=\"elementor-widget-container\">\n\t\t\t\t\t\t\t<div class=\"elementor-divider\">\n\t\t\t<span class=\"elementor-divider-separator\">\n\t\t\t\t\t\t<\/span>\n\t\t<\/div>\n\t\t\t\t\t\t<\/div>\n\t\t\t\t<\/div>\n\t\t\t\t\t<\/div>\n\t\t\t\t<\/div>\n\t\t<div data-particle_enable=\"false\" data-particle-mobile-disabled=\"false\" class=\"elementor-element elementor-element-fa663a1 e-grid e-con-boxed e-con e-parent\" data-id=\"fa663a1\" data-element_type=\"container\" data-e-type=\"container\">\n\t\t\t\t\t<div class=\"e-con-inner\">\n\t\t\t\t<div class=\"elementor-element elementor-element-64f1389 elementor-widget elementor-widget-heading\" data-id=\"64f1389\" data-element_type=\"widget\" data-e-type=\"widget\" data-widget_type=\"heading.default\">\n\t\t\t\t<div class=\"elementor-widget-container\">\n\t\t\t\t\t<h2 class=\"elementor-heading-title elementor-size-default\">5 Temas Relevantes en la Teolog\u00eda<\/h2>\t\t\t\t<\/div>\n\t\t\t\t<\/div>\n\t\t\t\t\t<\/div>\n\t\t\t\t<\/div>\n\t\t<div data-particle_enable=\"false\" data-particle-mobile-disabled=\"false\" class=\"elementor-element elementor-element-e509f52 e-grid e-con-boxed e-con e-parent\" data-id=\"e509f52\" data-element_type=\"container\" data-e-type=\"container\">\n\t\t\t\t\t<div class=\"e-con-inner\">\n\t\t\t\t<div class=\"elementor-element elementor-element-f65eb78 elementor-widget-divider--view-line elementor-widget elementor-widget-divider\" data-id=\"f65eb78\" data-element_type=\"widget\" data-e-type=\"widget\" data-widget_type=\"divider.default\">\n\t\t\t\t<div class=\"elementor-widget-container\">\n\t\t\t\t\t\t\t<div class=\"elementor-divider\">\n\t\t\t<span class=\"elementor-divider-separator\">\n\t\t\t\t\t\t<\/span>\n\t\t<\/div>\n\t\t\t\t\t\t<\/div>\n\t\t\t\t<\/div>\n\t\t\t\t\t<\/div>\n\t\t\t\t<\/div>\n\t\t<div data-particle_enable=\"false\" data-particle-mobile-disabled=\"false\" class=\"elementor-element elementor-element-97caa5b e-grid e-con-boxed e-con e-parent\" data-id=\"97caa5b\" data-element_type=\"container\" data-e-type=\"container\">\n\t\t\t\t\t<div class=\"e-con-inner\">\n\t\t\t\t<div class=\"elementor-element elementor-element-46bc04c elementor-widget elementor-widget-text-editor\" data-id=\"46bc04c\" data-element_type=\"widget\" data-e-type=\"widget\" data-widget_type=\"text-editor.default\">\n\t\t\t\t<div class=\"elementor-widget-container\">\n\t\t\t\t\t\t\t\t\t<p style=\"text-align: center;\"><span style=\"color: #000000;\">Estos cinco conceptos son fundamentales para entender la teolog\u00eda cristiana en su contexto hist\u00f3rico y doctrinal. La apolog\u00e9tica, la Reforma Protestante, la Patr\u00edstica, la ex\u00e9gesis y el Canon B\u00edblico han moldeado no solo la interpretaci\u00f3n de la fe cristiana, sino tambi\u00e9n la cultura, la moral y los valores en la sociedad occidental y global.<\/span><\/p>\t\t\t\t\t\t\t\t<\/div>\n\t\t\t\t<\/div>\n\t\t\t\t\t<\/div>\n\t\t\t\t<\/div>\n\t\t<div data-particle_enable=\"false\" data-particle-mobile-disabled=\"false\" class=\"elementor-element elementor-element-2fd50a9 e-grid e-con-full e-con e-parent\" data-id=\"2fd50a9\" data-element_type=\"container\" data-e-type=\"container\">\n\t\t\t\t<div class=\"elementor-element elementor-element-b4156d7 elementor-cta--layout-image-left elementor-cta--skin-classic elementor-animated-content elementor-bg-transform elementor-bg-transform-zoom-in elementor-widget elementor-widget-call-to-action\" data-id=\"b4156d7\" data-element_type=\"widget\" data-e-type=\"widget\" data-widget_type=\"call-to-action.default\">\n\t\t\t\t<div class=\"elementor-widget-container\">\n\t\t\t\t\t\t\t<div class=\"elementor-cta\">\r\n\t\t\t\t\t<div class=\"elementor-cta__bg-wrapper\">\r\n\t\t\t\t<div class=\"elementor-cta__bg elementor-bg\" style=\"background-image: url(https:\/\/crtp.edu.pe\/home\/wp-content\/uploads\/2024\/10\/apologeta-242x300.jpg);\" role=\"img\" aria-label=\"apologeta\"><\/div>\r\n\t\t\t\t<div class=\"elementor-cta__bg-overlay\"><\/div>\r\n\t\t\t<\/div>\r\n\t\t\t\t\t\t\t<div class=\"elementor-cta__content\">\r\n\t\t\t\t\r\n\t\t\t\t\t\t\t\t\t<h2 class=\"elementor-cta__title elementor-cta__content-item elementor-content-item\">\r\n\t\t\t\t\t\tApolog\u00e9tica\t\t\t\t\t<\/h2>\r\n\t\t\t\t\r\n\t\t\t\t\t\t\t\t\t<div class=\"elementor-cta__description elementor-cta__content-item elementor-content-item\">\r\n\t\t\t\t\t\tLa apolog\u00e9tica cristiana defiende la verdad del cristianismo con argumentos s\u00f3lidos y evidencia hist\u00f3rica, respondiendo a cr\u00edticas y aclarando malentendidos sobre sus creencias y pr\u00e1cticas.\n\t\t\t\t\t<\/div>\r\n\t\t\t\t\r\n\t\t\t\t\t\t\t\t\t<div class=\"elementor-cta__button-wrapper elementor-cta__content-item elementor-content-item \">\r\n\t\t\t\t\t<a class=\"elementor-cta__button elementor-button elementor-size-\" href=\"https:\/\/crtp.edu.pe\/home\/canonbiblico\/\">\r\n\t\t\t\t\t\tIngresar\t\t\t\t\t<\/a>\r\n\t\t\t\t\t<\/div>\r\n\t\t\t\t\t\t\t<\/div>\r\n\t\t\t\t\t\t<\/div>\r\n\t\t\t\t\t\t<\/div>\n\t\t\t\t<\/div>\n\t\t\t\t<div class=\"elementor-element elementor-element-c1f4618 elementor-cta--layout-image-left elementor-cta--skin-classic elementor-animated-content elementor-bg-transform elementor-bg-transform-zoom-in elementor-widget elementor-widget-call-to-action\" data-id=\"c1f4618\" data-element_type=\"widget\" data-e-type=\"widget\" data-widget_type=\"call-to-action.default\">\n\t\t\t\t<div class=\"elementor-widget-container\">\n\t\t\t\t\t\t\t<div class=\"elementor-cta\">\r\n\t\t\t\t\t<div class=\"elementor-cta__bg-wrapper\">\r\n\t\t\t\t<div class=\"elementor-cta__bg elementor-bg\" style=\"background-image: url(https:\/\/crtp.edu.pe\/home\/wp-content\/uploads\/2024\/10\/exegesis2-242x300.jpg);\" role=\"img\" aria-label=\"exegesis2\"><\/div>\r\n\t\t\t\t<div class=\"elementor-cta__bg-overlay\"><\/div>\r\n\t\t\t<\/div>\r\n\t\t\t\t\t\t\t<div class=\"elementor-cta__content\">\r\n\t\t\t\t\r\n\t\t\t\t\t\t\t\t\t<h2 class=\"elementor-cta__title elementor-cta__content-item elementor-content-item\">\r\n\t\t\t\t\t\tCanon Biblico\t\t\t\t\t<\/h2>\r\n\t\t\t\t\r\n\t\t\t\t\t\t\t\t\t<div class=\"elementor-cta__description elementor-cta__content-item elementor-content-item\">\r\n\t\t\t\t\t\tEl canon b\u00edblico es el conjunto de libros que fueron seleccionados a lo largo de la historia por criterios teol\u00f3gicos, hist\u00f3ricos y lit\u00fargicos, y var\u00edan entre diferentes tradiciones cristianas\n\t\t\t\t\t<\/div>\r\n\t\t\t\t\r\n\t\t\t\t\t\t\t\t\t<div class=\"elementor-cta__button-wrapper elementor-cta__content-item elementor-content-item \">\r\n\t\t\t\t\t<a class=\"elementor-cta__button elementor-button elementor-size-\" href=\"https:\/\/crtp.edu.pe\/home\/canonbiblico\/\">\r\n\t\t\t\t\t\tIngresar\t\t\t\t\t<\/a>\r\n\t\t\t\t\t<\/div>\r\n\t\t\t\t\t\t\t<\/div>\r\n\t\t\t\t\t\t<\/div>\r\n\t\t\t\t\t\t<\/div>\n\t\t\t\t<\/div>\n\t\t\t\t<div class=\"elementor-element elementor-element-3e0da12 elementor-cta--layout-image-left elementor-cta--skin-classic elementor-animated-content elementor-bg-transform elementor-bg-transform-zoom-in elementor-widget elementor-widget-call-to-action\" data-id=\"3e0da12\" data-element_type=\"widget\" data-e-type=\"widget\" data-widget_type=\"call-to-action.default\">\n\t\t\t\t<div class=\"elementor-widget-container\">\n\t\t\t\t\t\t\t<div class=\"elementor-cta\">\r\n\t\t\t\t\t<div class=\"elementor-cta__bg-wrapper\">\r\n\t\t\t\t<div class=\"elementor-cta__bg elementor-bg\" style=\"background-image: url(https:\/\/crtp.edu.pe\/home\/wp-content\/uploads\/2024\/10\/exegesis-242x300.jpg);\" role=\"img\" aria-label=\"exegesis\"><\/div>\r\n\t\t\t\t<div class=\"elementor-cta__bg-overlay\"><\/div>\r\n\t\t\t<\/div>\r\n\t\t\t\t\t\t\t<div class=\"elementor-cta__content\">\r\n\t\t\t\t\r\n\t\t\t\t\t\t\t\t\t<h2 class=\"elementor-cta__title elementor-cta__content-item elementor-content-item\">\r\n\t\t\t\t\t\tExegesis\t\t\t\t\t<\/h2>\r\n\t\t\t\t\r\n\t\t\t\t\t\t\t\t\t<div class=\"elementor-cta__description elementor-cta__content-item elementor-content-item\">\r\n\t\t\t\t\t\tEs el an\u00e1lisis e interpretaci\u00f3n cr\u00edtica de diversos manuscritos y rollos encontrados a lo largo de la historia, que busca comprender su significado original y contexto hist\u00f3rico, caracteriz\u00e1ndose por ser neutral, exhaustiva y cr\u00edtica\t\t\t\t\t<\/div>\r\n\t\t\t\t\r\n\t\t\t\t\t\t\t\t\t<div class=\"elementor-cta__button-wrapper elementor-cta__content-item elementor-content-item \">\r\n\t\t\t\t\t<a class=\"elementor-cta__button elementor-button elementor-size-\" href=\"https:\/\/crtp.edu.pe\/home\/exegesis\/\">\r\n\t\t\t\t\t\tIngresar\t\t\t\t\t<\/a>\r\n\t\t\t\t\t<\/div>\r\n\t\t\t\t\t\t\t<\/div>\r\n\t\t\t\t\t\t<\/div>\r\n\t\t\t\t\t\t<\/div>\n\t\t\t\t<\/div>\n\t\t\t\t<\/div>\n\t\t<div data-particle_enable=\"false\" data-particle-mobile-disabled=\"false\" class=\"elementor-element elementor-element-00049ac e-grid e-con-full e-con e-parent\" data-id=\"00049ac\" data-element_type=\"container\" data-e-type=\"container\">\n\t\t\t\t<div class=\"elementor-element elementor-element-de1fdcb elementor-cta--layout-image-left elementor-cta--skin-classic elementor-animated-content elementor-bg-transform elementor-bg-transform-zoom-in elementor-widget elementor-widget-call-to-action\" data-id=\"de1fdcb\" data-element_type=\"widget\" data-e-type=\"widget\" data-widget_type=\"call-to-action.default\">\n\t\t\t\t<div class=\"elementor-widget-container\">\n\t\t\t\t\t\t\t<div class=\"elementor-cta\">\r\n\t\t\t\t\t<div class=\"elementor-cta__bg-wrapper\">\r\n\t\t\t\t<div class=\"elementor-cta__bg elementor-bg\" style=\"background-image: url(https:\/\/crtp.edu.pe\/home\/wp-content\/uploads\/2024\/10\/patristica.jpg);\" role=\"img\" aria-label=\"patristica\"><\/div>\r\n\t\t\t\t<div class=\"elementor-cta__bg-overlay\"><\/div>\r\n\t\t\t<\/div>\r\n\t\t\t\t\t\t\t<div class=\"elementor-cta__content\">\r\n\t\t\t\t\r\n\t\t\t\t\t\t\t\t\t<h2 class=\"elementor-cta__title elementor-cta__content-item elementor-content-item\">\r\n\t\t\t\t\t\tPatristica\t\t\t\t\t<\/h2>\r\n\t\t\t\t\r\n\t\t\t\t\t\t\t\t\t<div class=\"elementor-cta__description elementor-cta__content-item elementor-content-item\">\r\n\t\t\t\t\t\tLa patr\u00edstica es el estudio de las ense\u00f1anzas, escritos y doctrinas de los primeros Padres de la Iglesia, abarcando los primeros 800 a\u00f1os de la era cristiana\t\t\t\t\t<\/div>\r\n\t\t\t\t\r\n\t\t\t\t\t\t\t\t\t<div class=\"elementor-cta__button-wrapper elementor-cta__content-item elementor-content-item \">\r\n\t\t\t\t\t<a class=\"elementor-cta__button elementor-button elementor-size-\" href=\"https:\/\/crtp.edu.pe\/home\/patristica-2\/\">\r\n\t\t\t\t\t\tIngresar\t\t\t\t\t<\/a>\r\n\t\t\t\t\t<\/div>\r\n\t\t\t\t\t\t\t<\/div>\r\n\t\t\t\t\t\t<\/div>\r\n\t\t\t\t\t\t<\/div>\n\t\t\t\t<\/div>\n\t\t\t\t<div class=\"elementor-element elementor-element-f0430ef elementor-cta--layout-image-left elementor-cta--skin-classic elementor-animated-content elementor-bg-transform elementor-bg-transform-zoom-in elementor-widget elementor-widget-call-to-action\" data-id=\"f0430ef\" data-element_type=\"widget\" data-e-type=\"widget\" data-widget_type=\"call-to-action.default\">\n\t\t\t\t<div class=\"elementor-widget-container\">\n\t\t\t\t\t\t\t<div class=\"elementor-cta\">\r\n\t\t\t\t\t<div class=\"elementor-cta__bg-wrapper\">\r\n\t\t\t\t<div class=\"elementor-cta__bg elementor-bg\" style=\"background-image: url(https:\/\/crtp.edu.pe\/home\/wp-content\/uploads\/2024\/10\/reforma-242x300.jpg);\" role=\"img\" aria-label=\"reforma\"><\/div>\r\n\t\t\t\t<div class=\"elementor-cta__bg-overlay\"><\/div>\r\n\t\t\t<\/div>\r\n\t\t\t\t\t\t\t<div class=\"elementor-cta__content\">\r\n\t\t\t\t\r\n\t\t\t\t\t\t\t\t\t<h2 class=\"elementor-cta__title elementor-cta__content-item elementor-content-item\">\r\n\t\t\t\t\t\tReforma Protestante\t\t\t\t\t<\/h2>\r\n\t\t\t\t\r\n\t\t\t\t\t\t\t\t\t<div class=\"elementor-cta__description elementor-cta__content-item elementor-content-item\">\r\n\t\t\t\t\t\tLa Reforma Protestante busca renovar la Iglesia Cat\u00f3lica, corrigiendo pr\u00e1cticas corruptas, retornando a principios b\u00edblicos y fomentando una relaci\u00f3n personal con Dios\t\t\t\t\t<\/div>\r\n\t\t\t\t\r\n\t\t\t\t\t\t\t\t\t<div class=\"elementor-cta__button-wrapper elementor-cta__content-item elementor-content-item \">\r\n\t\t\t\t\t<a class=\"elementor-cta__button elementor-button elementor-size-\" href=\"https:\/\/crtp.edu.pe\/home\/reforma-protestante\/\">\r\n\t\t\t\t\t\tIngresar\t\t\t\t\t<\/a>\r\n\t\t\t\t\t<\/div>\r\n\t\t\t\t\t\t\t<\/div>\r\n\t\t\t\t\t\t<\/div>\r\n\t\t\t\t\t\t<\/div>\n\t\t\t\t<\/div>\n\t\t\t\t<\/div>\n\t\t\t\t<\/div>\n\t\t","protected":false},"excerpt":{"rendered":"<p>5 Temas Relevantes en la Teolog\u00eda Estos cinco conceptos son fundamentales para entender la teolog\u00eda cristiana en su contexto hist\u00f3rico [&hellip;]<\/p>\n","protected":false},"author":1,"featured_media":0,"parent":0,"menu_order":0,"comment_status":"closed","ping_status":"closed","template":"","meta":{"site-sidebar-layout":"no-sidebar","site-content-layout":"","ast-site-content-layout":"full-width-container","site-content-style":"default","site-sidebar-style":"default","ast-global-header-display":"","ast-banner-title-visibility":"","ast-main-header-display":"","ast-hfb-above-header-display":"","ast-hfb-below-header-display":"","ast-hfb-mobile-header-display":"","site-post-title":"disabled","ast-breadcrumbs-content":"","ast-featured-img":"disabled","footer-sml-layout":"","ast-disable-related-posts":"","theme-transparent-header-meta":"","adv-header-id-meta":"","stick-header-meta":"","header-above-stick-meta":"","header-main-stick-meta":"","header-below-stick-meta":"","astra-migrate-meta-layouts":"default","ast-page-background-enabled":"default","ast-page-background-meta":{"desktop":{"background-color":"var(--ast-global-color-4)","background-image":"","background-repeat":"repeat","background-position":"center center","background-size":"auto","background-attachment":"scroll","background-type":"","background-media":"","overlay-type":"","overlay-color":"","overlay-opacity":"","overlay-gradient":""},"tablet":{"background-color":"","background-image":"","background-repeat":"repeat","background-position":"center center","background-size":"auto","background-attachment":"scroll","background-type":"","background-media":"","overlay-type":"","overlay-color":"","overlay-opacity":"","overlay-gradient":""},"mobile":{"background-color":"","background-image":"","background-repeat":"repeat","background-position":"center center","background-size":"auto","background-attachment":"scroll","background-type":"","background-media":"","overlay-type":"","overlay-color":"","overlay-opacity":"","overlay-gradient":""}},"ast-content-background-meta":{"desktop":{"background-color":"var(--ast-global-color-5)","background-image":"","background-repeat":"repeat","background-position":"center center","background-size":"auto","background-attachment":"scroll","background-type":"","background-media":"","overlay-type":"","overlay-color":"","overlay-opacity":"","overlay-gradient":""},"tablet":{"background-color":"var(--ast-global-color-5)","background-image":"","background-repeat":"repeat","background-position":"center center","background-size":"auto","background-attachment":"scroll","background-type":"","background-media":"","overlay-type":"","overlay-color":"","overlay-opacity":"","overlay-gradient":""},"mobile":{"background-color":"var(--ast-global-color-5)","background-image":"","background-repeat":"repeat","background-position":"center center","background-size":"auto","background-attachment":"scroll","background-type":"","background-media":"","overlay-type":"","overlay-color":"","overlay-opacity":"","overlay-gradient":""}},"footnotes":""},"class_list":["post-2327","page","type-page","status-publish","hentry"],"_links":{"self":[{"href":"https:\/\/crtp.edu.pe\/home\/wp-json\/wp\/v2\/pages\/2327","targetHints":{"allow":["GET"]}}],"collection":[{"href":"https:\/\/crtp.edu.pe\/home\/wp-json\/wp\/v2\/pages"}],"about":[{"href":"https:\/\/crtp.edu.pe\/home\/wp-json\/wp\/v2\/types\/page"}],"author":[{"embeddable":true,"href":"https:\/\/crtp.edu.pe\/home\/wp-json\/wp\/v2\/users\/1"}],"replies":[{"embeddable":true,"href":"https:\/\/crtp.edu.pe\/home\/wp-json\/wp\/v2\/comments?post=2327"}],"version-history":[{"count":0,"href":"https:\/\/crtp.edu.pe\/home\/wp-json\/wp\/v2\/pages\/2327\/revisions"}],"wp:attachment":[{"href":"https:\/\/crtp.edu.pe\/home\/wp-json\/wp\/v2\/media?parent=2327"}],"curies":[{"name":"wp","href":"https:\/\/api.w.org\/{rel}","templated":true}]}}