{"id":1658,"date":"2024-10-12T19:42:42","date_gmt":"2024-10-12T19:42:42","guid":{"rendered":"https:\/\/rtp.org.pe\/home\/?page_id=1658"},"modified":"2024-10-31T08:18:09","modified_gmt":"2024-10-31T13:18:09","slug":"reforma-protestante","status":"publish","type":"page","link":"https:\/\/crtp.edu.pe\/home\/reforma-protestante\/","title":{"rendered":"Reforma Protestante"},"content":{"rendered":"\t\t<div data-elementor-type=\"wp-page\" data-elementor-id=\"1658\" class=\"elementor elementor-1658\" data-elementor-post-type=\"page\">\n\t\t\t\t<div data-particle_enable=\"false\" data-particle-mobile-disabled=\"false\" class=\"elementor-element elementor-element-14fc206 e-grid e-con-full e-con e-parent\" data-id=\"14fc206\" data-element_type=\"container\" data-e-type=\"container\">\n\t\t\t\t<div class=\"elementor-element elementor-element-b5da99b elementor-widget elementor-widget-heading\" data-id=\"b5da99b\" data-element_type=\"widget\" data-e-type=\"widget\" data-widget_type=\"heading.default\">\n\t\t\t\t<div class=\"elementor-widget-container\">\n\t\t\t\t\t<h2 class=\"elementor-heading-title elementor-size-default\">Reforma Protestante<\/h2>\t\t\t\t<\/div>\n\t\t\t\t<\/div>\n\t\t\t\t<\/div>\n\t\t<div data-particle_enable=\"false\" data-particle-mobile-disabled=\"false\" class=\"elementor-element elementor-element-a392fa8 e-grid e-con-boxed e-con e-parent\" data-id=\"a392fa8\" data-element_type=\"container\" data-e-type=\"container\">\n\t\t\t\t\t<div class=\"e-con-inner\">\n\t\t\t\t<div class=\"elementor-element elementor-element-900807e elementor-widget elementor-widget-image\" data-id=\"900807e\" data-element_type=\"widget\" data-e-type=\"widget\" data-widget_type=\"image.default\">\n\t\t\t\t<div class=\"elementor-widget-container\">\n\t\t\t\t\t\t\t\t\t\t\t\t\t\t\t<img fetchpriority=\"high\" decoding=\"async\" width=\"1024\" height=\"286\" src=\"https:\/\/crtp.edu.pe\/home\/wp-content\/uploads\/2024\/10\/003refpro-1024x286.jpg\" class=\"attachment-large size-large wp-image-2503\" alt=\"\" srcset=\"https:\/\/crtp.edu.pe\/home\/wp-content\/uploads\/2024\/10\/003refpro-1024x286.jpg 1024w, https:\/\/crtp.edu.pe\/home\/wp-content\/uploads\/2024\/10\/003refpro-300x84.jpg 300w, https:\/\/crtp.edu.pe\/home\/wp-content\/uploads\/2024\/10\/003refpro-768x215.jpg 768w, https:\/\/crtp.edu.pe\/home\/wp-content\/uploads\/2024\/10\/003refpro.jpg 1251w\" sizes=\"(max-width: 1024px) 100vw, 1024px\" \/>\t\t\t\t\t\t\t\t\t\t\t\t\t\t\t<\/div>\n\t\t\t\t<\/div>\n\t\t\t\t\t<\/div>\n\t\t\t\t<\/div>\n\t\t<div data-particle_enable=\"false\" data-particle-mobile-disabled=\"false\" class=\"elementor-element elementor-element-ae8e656 e-grid e-con-full e-con e-parent\" data-id=\"ae8e656\" data-element_type=\"container\" data-e-type=\"container\">\n\t\t\t\t<div class=\"elementor-element elementor-element-3397f41 elementor-widget elementor-widget-image\" data-id=\"3397f41\" data-element_type=\"widget\" data-e-type=\"widget\" data-widget_type=\"image.default\">\n\t\t\t\t<div class=\"elementor-widget-container\">\n\t\t\t\t\t\t\t\t\t\t\t\t\t\t\t<img decoding=\"async\" width=\"451\" height=\"301\" src=\"https:\/\/crtp.edu.pe\/home\/wp-content\/uploads\/2024\/10\/001refpro.jpg\" class=\"attachment-large size-large wp-image-2504\" alt=\"\" srcset=\"https:\/\/crtp.edu.pe\/home\/wp-content\/uploads\/2024\/10\/001refpro.jpg 451w, https:\/\/crtp.edu.pe\/home\/wp-content\/uploads\/2024\/10\/001refpro-300x200.jpg 300w\" sizes=\"(max-width: 451px) 100vw, 451px\" \/>\t\t\t\t\t\t\t\t\t\t\t\t\t\t\t<\/div>\n\t\t\t\t<\/div>\n\t\t\t\t<div class=\"elementor-element elementor-element-7627ee7 elementor-widget elementor-widget-text-editor\" data-id=\"7627ee7\" data-element_type=\"widget\" data-e-type=\"widget\" data-widget_type=\"text-editor.default\">\n\t\t\t\t<div class=\"elementor-widget-container\">\n\t\t\t\t\t\t\t\t\t<p>Hoy, 31 de octubre, se celebra el <strong>D\u00eda de la Reforma Protestante<\/strong>, un evento que conmemora el inicio de la Reforma en 1517, cuando Mart\u00edn Lutero public\u00f3 sus 95 tesis en Wittenberg, Alemania. Este acto marc\u00f3 un movimiento que buscaba reformar la Iglesia Cat\u00f3lica, cuestionando pr\u00e1cticas como la venta de indulgencias y promoviendo la idea de que la salvaci\u00f3n se obtiene por fe, no por obras. La Reforma dio origen a las iglesias protestantes, foment\u00f3 la traducci\u00f3n de la Biblia a lenguas vern\u00e1culas y transform\u00f3 aspectos sociales, culturales y religiosos de Europa y del mundo.<\/p>\t\t\t\t\t\t\t\t<\/div>\n\t\t\t\t<\/div>\n\t\t\t\t<div class=\"elementor-element elementor-element-5ed820f elementor-widget elementor-widget-image\" data-id=\"5ed820f\" data-element_type=\"widget\" data-e-type=\"widget\" data-widget_type=\"image.default\">\n\t\t\t\t<div class=\"elementor-widget-container\">\n\t\t\t\t\t\t\t\t\t\t\t\t\t\t\t<img decoding=\"async\" width=\"451\" height=\"301\" src=\"https:\/\/crtp.edu.pe\/home\/wp-content\/uploads\/2024\/10\/002refpro.jpg\" class=\"attachment-large size-large wp-image-2505\" alt=\"\" srcset=\"https:\/\/crtp.edu.pe\/home\/wp-content\/uploads\/2024\/10\/002refpro.jpg 451w, https:\/\/crtp.edu.pe\/home\/wp-content\/uploads\/2024\/10\/002refpro-300x200.jpg 300w\" sizes=\"(max-width: 451px) 100vw, 451px\" \/>\t\t\t\t\t\t\t\t\t\t\t\t\t\t\t<\/div>\n\t\t\t\t<\/div>\n\t\t\t\t<\/div>\n\t\t<div data-particle_enable=\"false\" data-particle-mobile-disabled=\"false\" class=\"elementor-element elementor-element-9287b0b e-grid e-con-boxed e-con e-parent\" data-id=\"9287b0b\" data-element_type=\"container\" data-e-type=\"container\">\n\t\t\t\t\t<div class=\"e-con-inner\">\n\t\t\t\t<div class=\"elementor-element elementor-element-7f66a3f elementor-widget elementor-widget-text-editor\" data-id=\"7f66a3f\" data-element_type=\"widget\" data-e-type=\"widget\" data-widget_type=\"text-editor.default\">\n\t\t\t\t<div class=\"elementor-widget-container\">\n\t\t\t\t\t\t\t\t\t<p>En las proximas horas se estar\u00e1 actualizando<\/p>\t\t\t\t\t\t\t\t<\/div>\n\t\t\t\t<\/div>\n\t\t\t\t\t<\/div>\n\t\t\t\t<\/div>\n\t\t\t\t<\/div>\n\t\t","protected":false},"excerpt":{"rendered":"<p>Reforma Protestante Hoy, 31 de octubre, se celebra el D\u00eda de la Reforma Protestante, un evento que conmemora el inicio [&hellip;]<\/p>\n","protected":false},"author":1,"featured_media":0,"parent":0,"menu_order":0,"comment_status":"closed","ping_status":"closed","template":"elementor_header_footer","meta":{"site-sidebar-layout":"no-sidebar","site-content-layout":"","ast-site-content-layout":"full-width-container","site-content-style":"default","site-sidebar-style":"default","ast-global-header-display":"","ast-banner-title-visibility":"","ast-main-header-display":"","ast-hfb-above-header-display":"","ast-hfb-below-header-display":"","ast-hfb-mobile-header-display":"","site-post-title":"disabled","ast-breadcrumbs-content":"","ast-featured-img":"disabled","footer-sml-layout":"","ast-disable-related-posts":"","theme-transparent-header-meta":"","adv-header-id-meta":"","stick-header-meta":"","header-above-stick-meta":"","header-main-stick-meta":"","header-below-stick-meta":"","astra-migrate-meta-layouts":"default","ast-page-background-enabled":"default","ast-page-background-meta":{"desktop":{"background-color":"var(--ast-global-color-4)","background-image":"","background-repeat":"repeat","background-position":"center center","background-size":"auto","background-attachment":"scroll","background-type":"","background-media":"","overlay-type":"","overlay-color":"","overlay-opacity":"","overlay-gradient":""},"tablet":{"background-color":"","background-image":"","background-repeat":"repeat","background-position":"center center","background-size":"auto","background-attachment":"scroll","background-type":"","background-media":"","overlay-type":"","overlay-color":"","overlay-opacity":"","overlay-gradient":""},"mobile":{"background-color":"","background-image":"","background-repeat":"repeat","background-position":"center center","background-size":"auto","background-attachment":"scroll","background-type":"","background-media":"","overlay-type":"","overlay-color":"","overlay-opacity":"","overlay-gradient":""}},"ast-content-background-meta":{"desktop":{"background-color":"var(--ast-global-color-5)","background-image":"","background-repeat":"repeat","background-position":"center center","background-size":"auto","background-attachment":"scroll","background-type":"","background-media":"","overlay-type":"","overlay-color":"","overlay-opacity":"","overlay-gradient":""},"tablet":{"background-color":"var(--ast-global-color-5)","background-image":"","background-repeat":"repeat","background-position":"center center","background-size":"auto","background-attachment":"scroll","background-type":"","background-media":"","overlay-type":"","overlay-color":"","overlay-opacity":"","overlay-gradient":""},"mobile":{"background-color":"var(--ast-global-color-5)","background-image":"","background-repeat":"repeat","background-position":"center center","background-size":"auto","background-attachment":"scroll","background-type":"","background-media":"","overlay-type":"","overlay-color":"","overlay-opacity":"","overlay-gradient":""}},"footnotes":""},"class_list":["post-1658","page","type-page","status-publish","hentry"],"_links":{"self":[{"href":"https:\/\/crtp.edu.pe\/home\/wp-json\/wp\/v2\/pages\/1658","targetHints":{"allow":["GET"]}}],"collection":[{"href":"https:\/\/crtp.edu.pe\/home\/wp-json\/wp\/v2\/pages"}],"about":[{"href":"https:\/\/crtp.edu.pe\/home\/wp-json\/wp\/v2\/types\/page"}],"author":[{"embeddable":true,"href":"https:\/\/crtp.edu.pe\/home\/wp-json\/wp\/v2\/users\/1"}],"replies":[{"embeddable":true,"href":"https:\/\/crtp.edu.pe\/home\/wp-json\/wp\/v2\/comments?post=1658"}],"version-history":[{"count":0,"href":"https:\/\/crtp.edu.pe\/home\/wp-json\/wp\/v2\/pages\/1658\/revisions"}],"wp:attachment":[{"href":"https:\/\/crtp.edu.pe\/home\/wp-json\/wp\/v2\/media?parent=1658"}],"curies":[{"name":"wp","href":"https:\/\/api.w.org\/{rel}","templated":true}]}}